{"id":136,"date":"2023-02-13T19:34:32","date_gmt":"2023-02-13T18:34:32","guid":{"rendered":"https:\/\/www.egyptforever.hu\/ildiko\/?page_id=136"},"modified":"2025-04-02T16:42:07","modified_gmt":"2025-04-02T14:42:07","slug":"rolam","status":"publish","type":"page","link":"https:\/\/www.egyptforever.hu\/ildiko\/?page_id=136","title":{"rendered":"R\u00f3lam&#8230;"},"content":{"rendered":"\n<h2 class=\"wp-block-heading has-black-color has-text-color\">Szeretettel \u00fcdv\u00f6zl\u00f6k Mindenkit a weboldalamon!<\/h2>\n\n\n\n<div class=\"wp-block-columns is-layout-flex wp-container-core-columns-is-layout-9d6595d7 wp-block-columns-is-layout-flex\">\n<div class=\"wp-block-column is-layout-flow wp-block-column-is-layout-flow\">\n<p><strong>Ha \u00e9rdekl\u0151dik Egyiptom l\u00e1tnival\u00f3i, kult\u00far\u00e1ja ir\u00e1nt, ha azt fontolgatja, hogy elutazna oda, ak\u00e1r csoportosan, vagy egy\u00e9nileg, vagy ha k\u00e9rd\u00e9sei vannak Egyiptomr\u00f3l&#8230; ezen a weboldalon j\u00f3 helyen j\u00e1r!<\/strong><\/p>\n\n\n\n<p>Az Egypt Forever weboldal 2012. augusztus 3-\u00e1n j\u00f6tt l\u00e9tre \u00e9s az\u00f3ta v\u00e1rja Egyiptom ir\u00e1nt \u00e9rdekl\u0151d\u0151 olvas\u00f3it.<\/p>\n\n\n\n<p class=\"has-vivid-cyan-blue-color has-text-color\"><strong>K\u00f3sa Ildik\u00f3&nbsp;idegenvezet\u0151&nbsp;vagyok.<\/strong>..<\/p>\n\n\n\n<p><strong>&#8230;Mint az l\u00e1that\u00f3, nagy &#8220;szerelmese&#8221; vagyok Egyiptomnak, a helynek, az orsz\u00e1gnak, a n\u00e9pnek, a kult\u00far\u00e1nak.<\/strong><\/p>\n\n\n\n<p>Azon szerencs\u00e9sek k\u00f6z\u00e9 tartozom, aki val\u00f3ban sokszor j\u00e1rt m\u00e1r ebben az orsz\u00e1gban. Nem csak a hobbim az utaz\u00e1s, de egy a hivat\u00e1som is. Emellett az egyiptol\u00f3gia, az \u00f3kort\u00f6rt\u00e9net, a t\u00f6rt\u00e9nelem ir\u00e1nt is szenved\u00e9llyel \u00e9rdekl\u0151d\u00f6m.&nbsp; K\u00f6rbej\u00e1rtam Egyiptomot sokszor, \u00e9s olyan helyekre is eljutottam, ahov\u00e1&nbsp;&#8220;szokv\u00e1nyos&#8221; (utaz\u00e1si irod\u00e1kkal utaz\u00f3) turista tal\u00e1n sosem jut el&#8230;<\/p>\n<\/div>\n\n\n\n<div class=\"wp-block-column is-layout-flow wp-block-column-is-layout-flow\">\n<figure class=\"wp-block-video\"><video height=\"1080\" style=\"aspect-ratio: 1920 \/ 1080;\" width=\"1920\" controls src=\"https:\/\/www.egyptforever.hu\/ildiko\/wp-content\/uploads\/2023\/03\/A-short-newbie-intro-1.mp4\"><\/video><\/figure>\n<\/div>\n<\/div>\n\n\n<div class=\"wp-block-image\">\n<figure class=\"aligncenter size-full is-resized\"><img loading=\"lazy\" decoding=\"async\" width=\"916\" height=\"522\" src=\"https:\/\/www.egyptforever.hu\/ildiko\/wp-content\/uploads\/2023\/02\/65854342_15459320_n.jpg\" alt=\"\" class=\"wp-image-185\" style=\"aspect-ratio:1.7563025210084033;width:1026px;height:auto\" srcset=\"https:\/\/www.egyptforever.hu\/ildiko\/wp-content\/uploads\/2023\/02\/65854342_15459320_n.jpg 916w, https:\/\/www.egyptforever.hu\/ildiko\/wp-content\/uploads\/2023\/02\/65854342_15459320_n-300x171.jpg 300w, https:\/\/www.egyptforever.hu\/ildiko\/wp-content\/uploads\/2023\/02\/65854342_15459320_n-768x438.jpg 768w\" sizes=\"auto, (max-width: 916px) 100vw, 916px\" \/><\/figure>\n<\/div>\n\n\n<div class=\"wp-block-columns are-vertically-aligned-top is-layout-flex wp-container-core-columns-is-layout-9d6595d7 wp-block-columns-is-layout-flex\">\n<div class=\"wp-block-column is-vertically-aligned-top is-layout-flow wp-block-column-is-layout-flow\" style=\"padding-top:0;padding-right:0;padding-bottom:0;padding-left:0;flex-basis:66.66%\">\n<p><strong>Rajongok Egyiptom\u00e9rt&#8230; azt hiszem nincs is enn\u00e9l jobb sz\u00f3, ami le\u00edrhatn\u00e1, mit is \u00e9rzek ezzel az orsz\u00e1ggal, helysz\u00ednnel, korral, t\u00e9m\u00e1val kapcsolatban.<\/strong><\/p>\n\n\n\n<p>A weboldalam keretein bel\u00fcl, igyekszem sok \u00e9rdekess\u00e9ggel, ismertet\u0151vel, csodasz\u00e9p fot\u00f3kkal, h\u00edrekkel bemutatni ezt az \u00e9rdekes orsz\u00e1got. De c\u00e9lom azok ismereteit is gazdag\u00edtani, akik m\u00e1r \u00e9rdekl\u0151dnek Egyiptom ir\u00e1nt. Hiszen oly sok mes\u00e9lni val\u00f3 van egy ilyan k\u00fcl\u00f6nleges helysz\u00ednr\u0151l, orsz\u00e1gr\u00f3l, kult\u00far\u00e1r\u00f3l.<\/p>\n\n\n\n<p>Mivel sz\u00e1momra fontos, hogy ne csak az \u00fcd\u00fcl\u0151helyk\u00e9nt gondoljanak az emberek Egyiptomra. Persze, j\u00f3 sokat s\u00fct a nap, csodaj\u00f3 meleg az id\u0151j\u00e1r\u00e1s, \u00e9s a V\u00f6r\u00f6s-tenger maga a csoda&#8230;. ez tagadhatatlan. \u00c9s fontos, hogy pihenni is legyen id\u0151nk \u00e9s m\u00f3dunk&#8230; \u00c1m \u00fagy gondolom, hogy ha m\u00e1r eljutottunk a vil\u00e1g egyik legk\u00fcl\u00f6nlegesebb orsz\u00e1g\u00e1ba, akkor jussunk m\u00e1r t\u00e1volabb egy kicsit a beacht\u0151l, a medencepartt\u00f3l, a baz\u00e1rsort\u00f3l&#8230; mert nem az a val\u00f3di Egyiptom, hanem n\u00e9zz\u00fck meg hosszabb-r\u00f6videbb utakon, kir\u00e1ndul\u00e1sokon az orsz\u00e1got is.  Hiszen Egyiptom oly csod\u00e1latos, \u00e9s annyi mindennel v\u00e1r benn\u00fcnket, annyi \u00f6r\u00f6m\u00f6t adhat nek\u00fcnk.<\/p>\n\n\n\n<p>Ezen a weboldalon val\u00f3ban Egyiptom kult\u00far\u00e1j\u00e1val, t\u00f6rt\u00e9nelm\u00e9vel, \u00e9rdekess\u00e9geivel, \u00e9rt\u00e9keivel foglalkozom, hiszen \u00e9n Egyiptomra els\u0151sorban, mint az emberi kult\u00fara&nbsp;b\u00f6lcs\u0151j\u00e9re tekintek. Rendszeresen cikkekkel, jegyzetekkel, fot\u00f3albumokkal ismertetem a fontos, k\u00f6zismert, a kev\u00e9sb\u00e9 vagy egy\u00e1ltal\u00e1n nem ismert helysz\u00edneket, t\u00f6rt\u00e9nelmi helyeket, templomokat, mecseteket, m\u00fazeumokat, s\u00edrokat, term\u00e9szeti l\u00e1tnival\u00f3kat. <\/p>\n\n\n\n<p>Szeretn\u00e9k r\u00e1mutatni arra, hogy b\u0151ven van mit megn\u00e9zni, felfedezni m\u00e9g azoknak is, akik m\u00e1r sokadj\u00e1ra j\u00e1rnak Egyiptomban&#8230; mert m\u00e9g \u0151k sem l\u00e1thattak mindent.<\/p>\n<\/div>\n\n\n\n<div class=\"wp-block-column is-vertically-aligned-top is-layout-flow wp-block-column-is-layout-flow\" style=\"flex-basis:33.33%\">\n<figure class=\"wp-block-image size-full is-resized\"><img loading=\"lazy\" decoding=\"async\" width=\"960\" height=\"720\" src=\"https:\/\/www.egyptforever.hu\/ildiko\/wp-content\/uploads\/2023\/02\/329308903_869597794294936_4460630911948806613_n.jpg\" alt=\"\" class=\"wp-image-268\" style=\"width:267px;height:201px\" srcset=\"https:\/\/www.egyptforever.hu\/ildiko\/wp-content\/uploads\/2023\/02\/329308903_869597794294936_4460630911948806613_n.jpg 960w, https:\/\/www.egyptforever.hu\/ildiko\/wp-content\/uploads\/2023\/02\/329308903_869597794294936_4460630911948806613_n-300x225.jpg 300w, https:\/\/www.egyptforever.hu\/ildiko\/wp-content\/uploads\/2023\/02\/329308903_869597794294936_4460630911948806613_n-768x576.jpg 768w\" sizes=\"auto, (max-width: 960px) 100vw, 960px\" \/><\/figure>\n\n\n\n<figure class=\"wp-block-image size-full is-resized\"><img loading=\"lazy\" decoding=\"async\" width=\"720\" height=\"960\" src=\"https:\/\/www.egyptforever.hu\/ildiko\/wp-content\/uploads\/2023\/02\/1377229_10152818744727156_1641292164281647796_n-1.jpg\" alt=\"\" class=\"wp-image-269\" style=\"width:266px;height:355px\" srcset=\"https:\/\/www.egyptforever.hu\/ildiko\/wp-content\/uploads\/2023\/02\/1377229_10152818744727156_1641292164281647796_n-1.jpg 720w, https:\/\/www.egyptforever.hu\/ildiko\/wp-content\/uploads\/2023\/02\/1377229_10152818744727156_1641292164281647796_n-1-225x300.jpg 225w\" sizes=\"auto, (max-width: 720px) 100vw, 720px\" \/><\/figure>\n<\/div>\n<\/div>\n\n\n\n<h4 class=\"wp-block-heading has-vivid-cyan-blue-color has-text-color\"><strong>&#8211; \u00c9vente 2-3 alkalommal egyedi programmal t\u00f6rt\u00e9nelmi k\u00f6rutaz\u00e1sokat, tematikus v\u00e1rosn\u00e9z\u0151 utaz\u00e1sokat szervezek&#8230; \u00e9rdekl\u0151dj\u00f6n b\u00e1tran a programokr\u00f3l.<\/strong> <\/h4>\n\n\n\n<div class=\"wp-block-columns is-layout-flex wp-container-core-columns-is-layout-9d6595d7 wp-block-columns-is-layout-flex\">\n<div class=\"wp-block-column is-layout-flow wp-block-column-is-layout-flow\">\n<p>Mi\u00e9rt \u00e9rdemes velem utazni Egyiptomba? Csoportos k\u00f6rutaz\u00e1sokra a tavaszi \u00e9s az \u0151szi id\u0151szakokban utazunk. Ezeken utaz\u00e1sokon a t\u00f6megturizmus \u00e1ltal l\u00e1togatott, k\u00f6zismert l\u00e1tv\u00e1nyoss\u00e1gokon t\u00fal, kev\u00e9sb\u00e9 ismert, de csodasz\u00e9p helysz\u00ednekre, izgalmas programokra juthat el vel\u00fcnk. Utaz\u00e1saink sor\u00e1n&nbsp;a helysz\u00edneken t\u00f6lt\u00f6tt id\u0151 az, amiben j\u00f3val t\u00f6bbet ny\u00fajtok a velem utaz\u00f3knak. A velem utaz\u00f3k r\u00e9sz\u00e9re nem egy\u00f3r\u00e1s program a m\u00fazeuml\u00e1togat\u00e1s, \u00e9s nem 35-40 perc jut a Karnak Templom bej\u00e1r\u00e1s\u00e1ra fot\u00f3z\u00e1ssal egy\u00fctt&#8230;<\/p>\n<\/div>\n\n\n\n<div class=\"wp-block-column is-layout-flow wp-block-column-is-layout-flow\">\n<p>Minden utaz\u00e1sunk sor\u00e1n ismerked\u00fcnk a helyi \u00e9telekkel, f\u0171szerekkel, helyi \u00e9ttermekkel, bazz\u00e1rokkal. K\u00fcl\u00f6nleges, kev\u00e9sb\u00e9 ismert helysz\u00edneket is felfedez\u00fcnk. Csoportjaimmal k\u00e9pzett egyiptol\u00f3gus utazik helyi vezet\u0151k\u00e9nt. Kis l\u00e9tsz\u00e1m\u00fa csoportban, bar\u00e1ti hangulat\u00faak az utaz\u00e1saink. Az elm\u00falt \u00e9vekben j\u00f3 p\u00e1r k\u00f6rutaz\u00e1st \u00e9s tematikus v\u00e1rosn\u00e9z\u0151 utaz\u00e1st tett\u00fcnk minden r\u00e9sztvev\u0151 nagy \u00f6r\u00f6m\u00e9re. <strong>Csatlakozzon hozz\u00e1m k\u00f6vetkez\u0151 utaz\u00e1sunkon.<\/strong><\/p>\n<\/div>\n<\/div>\n\n\n\n<div class=\"wp-block-columns is-layout-flex wp-container-core-columns-is-layout-9d6595d7 wp-block-columns-is-layout-flex\">\n<div class=\"wp-block-column is-layout-flow wp-block-column-is-layout-flow\">\n<figure class=\"wp-block-gallery has-nested-images columns-default is-cropped wp-block-gallery-1 is-layout-flex wp-block-gallery-is-layout-flex\">\n<figure class=\"wp-block-image size-full\"><img loading=\"lazy\" decoding=\"async\" width=\"960\" height=\"639\" data-id=\"2927\" src=\"https:\/\/www.egyptforever.hu\/ildiko\/wp-content\/uploads\/2023\/03\/kosaildiko2.jpg\" alt=\"\" class=\"wp-image-2927\" srcset=\"https:\/\/www.egyptforever.hu\/ildiko\/wp-content\/uploads\/2023\/03\/kosaildiko2.jpg 960w, https:\/\/www.egyptforever.hu\/ildiko\/wp-content\/uploads\/2023\/03\/kosaildiko2-300x200.jpg 300w, https:\/\/www.egyptforever.hu\/ildiko\/wp-content\/uploads\/2023\/03\/kosaildiko2-768x511.jpg 768w\" sizes=\"auto, (max-width: 960px) 100vw, 960px\" \/><\/figure>\n<\/figure>\n<\/div>\n<\/div>\n\n\n\n<div class=\"wp-block-columns is-layout-flex wp-container-core-columns-is-layout-9d6595d7 wp-block-columns-is-layout-flex\">\n<div class=\"wp-block-column is-layout-flow wp-block-column-is-layout-flow\">\n<h4 class=\"wp-block-heading has-vivid-cyan-blue-color has-text-color\"><strong>&#8211; Rendszeresen tartok el\u0151ad\u00e1sokat k\u00f6nyvt\u00e1rakban, m\u0171vel\u0151d\u00e9si k\u00f6zpontokban, iskol\u00e1kban, ezoterikus klubokban Egyiptomr\u00f3l<\/strong><\/h4>\n<\/div>\n<\/div>\n\n\n\n<div class=\"wp-block-columns is-layout-flex wp-container-core-columns-is-layout-9d6595d7 wp-block-columns-is-layout-flex\">\n<div class=\"wp-block-column is-layout-flow wp-block-column-is-layout-flow\">\n<p>K\u00e9rem jelezze, ha telep\u00fcl\u00e9s\u00e9n a k\u00f6nyvt\u00e1rban, m\u0171vel\u0151d\u00e9si h\u00e1zban sz\u00edvesen seg\u00edts\u00e9gemre lenne Egyiptom kult\u00far\u00e1j\u00e1r\u00f3l, t\u00f6rt\u00e9nelm\u00e9r\u0151l, m\u0171v\u00e9szet\u00e9r\u0151l, \u00e9p\u00edt\u00e9-szet\u00e9r\u0151l, t\u00f6rt\u00e9nelmi \u00e9s term\u00e9szeti l\u00e1tnival\u00f3ir\u00f3l, az \u00f3kori Egyiptom ezoterikus tud\u00e1s\u00e1r\u00f3l&nbsp;sz\u00f3l\u00f3 el\u0151ad\u00e1s&nbsp;\/ vet\u00edt\u00e9s\/ besz\u00e9lget\u00e9s lebonyol\u00edt\u00e1s\u00e1ban, mert sz\u00edvesen tartok el\u0151ad\u00e1st e&nbsp;t\u00e9m\u00e1kban.<\/p>\n<\/div>\n\n\n\n<div class=\"wp-block-column is-layout-flow wp-block-column-is-layout-flow\">\n<p>Az eddig megrendez\u00e9sre ker\u00fclt rendezv\u00e9nyek rendk\u00edv\u00fcl pozit\u00edv visszhangj\u00e1b\u00f3l \u00e9s az \u00fajabb felk\u00e9r\u00e9sekb\u0151l azt l\u00e1tom, hogy sz\u00edvesen hallgatj\u00e1k az emberek az \u00f3kori \u00e9s a modern Egyiptom kult\u00far\u00e1j\u00e1val, miszt\u00e9riumaival, t\u00f6rt\u00e9nelm\u00e9vel foglalkoz\u00f3 el\u0151ad\u00e1sokat. \u00d6r\u00f6mmel veszem \u00e9rdekl\u0151d\u00e9s\u00fcket.<\/p>\n<\/div>\n<\/div>\n\n\n\n<p class=\"has-text-align-center\">***<\/p>\n\n\n\n<p><\/p>\n\n\n\n<p>A weboldal c\u00e9lja t\u00f6bbek k\u00f6z\u00f6tt az is, hogy a felel\u0151s utaz\u00e1st n\u00e9pszer\u0171s\u00edts\u00fck az Egyiptomba l\u00e1togat\u00f3k k\u00f6r\u00e9ben. Utaz\u00e1saink a kellemes \u00e9lm\u00e9nyekr\u0151l kell, hogy sz\u00f3ljanak, de ez nem jelentheti azt, hogy k\u00e1rokat okozhatunk az orsz\u00e1g term\u00e9szeti kincseiben, kultur\u00e1lis \u00f6r\u00f6ks\u00e9g\u00e9ben. Ide tartozik a szemetel\u00e9s, a k\u00f6rnyezeti k\u00e1rok okoz\u00e1sa a V\u00f6r\u00f6s-tenger \u00f6kosziszt\u00e9m\u00e1j\u00e1ban, a sivatagi term\u00e9szeti k\u00e9pz\u0151dm\u00e9nyekben, avagy a m\u0171eml\u00e9kek rong\u00e1l\u00e1sa is. Figyelj\u00fcnk tudatosan arra, hogy a k\u00f6vetkez\u0151 gener\u00e1ci\u00f3k is legyen mi\u00e9rt Egyiptomba utaznia.<\/p>\n\n\n\n<h4 class=\"wp-block-heading has-vivid-cyan-blue-color has-text-color\"><em>K\u00f3sa Ildik\u00f3<\/em><\/h4>\n\n\n\n<figure class=\"wp-block-image size-large is-resized\"><img loading=\"lazy\" decoding=\"async\" width=\"1024\" height=\"265\" src=\"https:\/\/www.egyptforever.hu\/ildiko\/wp-content\/uploads\/2023\/02\/Nevtelen-terv-1-1024x265.jpg\" alt=\"\" class=\"wp-image-106\" style=\"width:1178px;height:305px\" srcset=\"https:\/\/www.egyptforever.hu\/ildiko\/wp-content\/uploads\/2023\/02\/Nevtelen-terv-1-1024x265.jpg 1024w, https:\/\/www.egyptforever.hu\/ildiko\/wp-content\/uploads\/2023\/02\/Nevtelen-terv-1-300x78.jpg 300w, https:\/\/www.egyptforever.hu\/ildiko\/wp-content\/uploads\/2023\/02\/Nevtelen-terv-1-768x199.jpg 768w, https:\/\/www.egyptforever.hu\/ildiko\/wp-content\/uploads\/2023\/02\/Nevtelen-terv-1-320x83.jpg 320w, https:\/\/www.egyptforever.hu\/ildiko\/wp-content\/uploads\/2023\/02\/Nevtelen-terv-1-480x124.jpg 480w, https:\/\/www.egyptforever.hu\/ildiko\/wp-content\/uploads\/2023\/02\/Nevtelen-terv-1-800x207.jpg 800w, https:\/\/www.egyptforever.hu\/ildiko\/wp-content\/uploads\/2023\/02\/Nevtelen-terv-1.jpg 1350w\" sizes=\"auto, (max-width: 1024px) 100vw, 1024px\" \/><\/figure>\n\n\n\n<h3 class=\"wp-block-heading has-vivid-cyan-blue-color has-text-color\">mail:&nbsp;&nbsp; info@egyptforever.hu<\/h3>\n\n\n\n<p class=\"has-small-font-size\">(idegenvezet\u0151i eng.sz\u00e1m \/licence ID: 140056)<\/p>\n\n\n\n<h2 class=\"wp-block-heading has-medium-font-size\">egy\u00e9b weboldalak:<\/h2>\n\n\n\n<p>az EGYPT FOREVER facebook&nbsp;weboldala:&nbsp;&nbsp;<a href=\"https:\/\/www.facebook.com\/egyptforevertour\/\">https:\/\/www.facebook.com\/egyptforevertour\/<\/a><\/p>\n\n\n\n<p>K\u00f6vess b\u00e1tran&nbsp;instagramon:<a href=\"https:\/\/www.instagram.com\/egypt_forever\/\">&nbsp;https:\/\/www.instagram.com\/egypt_forever\/<\/a><\/p>\n\n\n\n<p class=\"has-vivid-cyan-blue-color has-text-color\">vagy a&nbsp;youtube-on:&nbsp;<a href=\"https:\/\/www.youtube.com\/channel\/UCkd8kpEqmq5EN1HZPaJz58Q\">https:\/\/www.youtube.com\/channel\/UCkd8kpEqmq5EN1HZPaJz58Q<\/a><\/p>\n\n\n\n<h2 class=\"wp-block-heading has-small-font-size\">A&nbsp;www.egyptforever.hu&nbsp;domain n\u00e9v jogv\u00e9dett&#8230;&nbsp;<\/h2>\n\n\n\n<h2 class=\"wp-block-heading has-small-font-size\">A weboldalon szerepl\u0151 inform\u00e1ci\u00f3k (fot\u00f3k, le\u00edr\u00e1sok, felhaszn\u00e1lt grafik\u00e1k, stb.)&nbsp;az 1999. \u00e9vi LXXVI. szerz\u0151i jogr\u00f3l sz\u00f3l\u00f3 t\u00f6rv\u00e9ny oltalma alatt \u00e1llnak, felhaszn\u00e1l\u00e1suk nem enged\u00e9lyezett.<\/h2>\n\n\n\n<h6 class=\"wp-block-heading has-small-font-size\"><strong>Az oldalon megjelen\u0151 cikkek megoszt\u00e1sa&nbsp;a forr\u00e1soldal (www.egyptforever.hu) megjel\u00f6l\u00e9s\u00e9vel enged\u00e9lyezett.<\/strong><\/h6>\n\n\n\n<p><\/p>\n\n\n\n<div class=\"wp-block-columns is-layout-flex wp-container-core-columns-is-layout-9d6595d7 wp-block-columns-is-layout-flex\">\n<div class=\"wp-block-column is-layout-flow wp-block-column-is-layout-flow\">\n<div class=\"wp-block-columns is-layout-flex wp-container-core-columns-is-layout-9d6595d7 wp-block-columns-is-layout-flex\">\n<div class=\"wp-block-column is-layout-flow wp-block-column-is-layout-flow\">\n<figure class=\"wp-block-gallery has-nested-images columns-default is-cropped wp-block-gallery-2 is-layout-flex wp-block-gallery-is-layout-flex\">\n<figure class=\"wp-block-image size-large\"><img loading=\"lazy\" decoding=\"async\" width=\"639\" height=\"960\" data-id=\"2929\" src=\"https:\/\/www.egyptforever.hu\/ildiko\/wp-content\/uploads\/2023\/03\/970976_10151711227032156_1344843724_n.jpg\" alt=\"\" class=\"wp-image-2929\" srcset=\"https:\/\/www.egyptforever.hu\/ildiko\/wp-content\/uploads\/2023\/03\/970976_10151711227032156_1344843724_n.jpg 639w, https:\/\/www.egyptforever.hu\/ildiko\/wp-content\/uploads\/2023\/03\/970976_10151711227032156_1344843724_n-200x300.jpg 200w\" sizes=\"auto, (max-width: 639px) 100vw, 639px\" \/><\/figure>\n<\/figure>\n<\/div>\n\n\n\n<div class=\"wp-block-column is-layout-flow wp-block-column-is-layout-flow\">\n<figure class=\"wp-block-gallery has-nested-images columns-default is-cropped wp-block-gallery-3 is-layout-flex wp-block-gallery-is-layout-flex\">\n<figure class=\"wp-block-image size-large\"><img loading=\"lazy\" decoding=\"async\" width=\"720\" height=\"960\" data-id=\"2930\" src=\"https:\/\/www.egyptforever.hu\/ildiko\/wp-content\/uploads\/2023\/03\/1000109_10151711227287156_1913947932_n.jpg\" alt=\"\" class=\"wp-image-2930\" srcset=\"https:\/\/www.egyptforever.hu\/ildiko\/wp-content\/uploads\/2023\/03\/1000109_10151711227287156_1913947932_n.jpg 720w, https:\/\/www.egyptforever.hu\/ildiko\/wp-content\/uploads\/2023\/03\/1000109_10151711227287156_1913947932_n-225x300.jpg 225w\" sizes=\"auto, (max-width: 720px) 100vw, 720px\" \/><\/figure>\n<\/figure>\n<\/div>\n\n\n\n<div class=\"wp-block-column is-layout-flow wp-block-column-is-layout-flow\">\n<figure class=\"wp-block-gallery has-nested-images columns-default is-cropped wp-block-gallery-4 is-layout-flex wp-block-gallery-is-layout-flex\">\n<figure class=\"wp-block-image size-large\"><img loading=\"lazy\" decoding=\"async\" width=\"639\" height=\"960\" data-id=\"2931\" src=\"https:\/\/www.egyptforever.hu\/ildiko\/wp-content\/uploads\/2023\/03\/941148_10151655045462156_209447842_n.jpg\" alt=\"\" class=\"wp-image-2931\" srcset=\"https:\/\/www.egyptforever.hu\/ildiko\/wp-content\/uploads\/2023\/03\/941148_10151655045462156_209447842_n.jpg 639w, https:\/\/www.egyptforever.hu\/ildiko\/wp-content\/uploads\/2023\/03\/941148_10151655045462156_209447842_n-200x300.jpg 200w\" sizes=\"auto, (max-width: 639px) 100vw, 639px\" \/><\/figure>\n<\/figure>\n<\/div>\n<\/div>\n<\/div>\n<\/div>\n<div style='text-align:right' class='yasr-auto-insert-overall'><\/div><div style='text-align:right' class='yasr-auto-insert-visitor'><\/div>","protected":false},"excerpt":{"rendered":"<p>Szeretettel \u00fcdv\u00f6zl\u00f6k Mindenkit a weboldalamon! Ha \u00e9rdekl\u0151dik Egyiptom l\u00e1tnival\u00f3i, kult\u00far\u00e1ja ir\u00e1nt, ha azt fontolgatja, hogy elutazna oda, ak\u00e1r csoportosan, vagy egy\u00e9nileg, vagy ha k\u00e9rd\u00e9sei vannak Egyiptomr\u00f3l&#8230; ezen a weboldalon j\u00f3 helyen j\u00e1r!<a class=\"moretag\" href=\"https:\/\/www.egyptforever.hu\/ildiko\/?page_id=136\">Tov\u00e1bbi inform\u00e1ci\u00f3\u2026<\/a><\/p>\n","protected":false},"author":1,"featured_media":0,"parent":2,"menu_order":0,"comment_status":"closed","ping_status":"closed","template":"","meta":{"om_disable_all_campaigns":false,"_monsterinsights_skip_tracking":false,"_monsterinsights_sitenote_active":false,"_monsterinsights_sitenote_note":"","_monsterinsights_sitenote_category":0,"yasr_overall_rating":0,"yasr_post_is_review":"","yasr_auto_insert_disabled":"","yasr_review_type":"","footnotes":""},"class_list":["post-136","page","type-page","status-publish","hentry"],"aioseo_notices":[],"yasr_visitor_votes":{"stars_attributes":{"read_only":false,"span_bottom":false},"number_of_votes":5,"sum_votes":25},"_links":{"self":[{"href":"https:\/\/www.egyptforever.hu\/ildiko\/index.php?rest_route=\/wp\/v2\/pages\/136","targetHints":{"allow":["GET"]}}],"collection":[{"href":"https:\/\/www.egyptforever.hu\/ildiko\/index.php?rest_route=\/wp\/v2\/pages"}],"about":[{"href":"https:\/\/www.egyptforever.hu\/ildiko\/index.php?rest_route=\/wp\/v2\/types\/page"}],"author":[{"embeddable":true,"href":"https:\/\/www.egyptforever.hu\/ildiko\/index.php?rest_route=\/wp\/v2\/users\/1"}],"replies":[{"embeddable":true,"href":"https:\/\/www.egyptforever.hu\/ildiko\/index.php?rest_route=%2Fwp%2Fv2%2Fcomments&post=136"}],"version-history":[{"count":5,"href":"https:\/\/www.egyptforever.hu\/ildiko\/index.php?rest_route=\/wp\/v2\/pages\/136\/revisions"}],"predecessor-version":[{"id":13699,"href":"https:\/\/www.egyptforever.hu\/ildiko\/index.php?rest_route=\/wp\/v2\/pages\/136\/revisions\/13699"}],"up":[{"embeddable":true,"href":"https:\/\/www.egyptforever.hu\/ildiko\/index.php?rest_route=\/wp\/v2\/pages\/2"}],"wp:attachment":[{"href":"https:\/\/www.egyptforever.hu\/ildiko\/index.php?rest_route=%2Fwp%2Fv2%2Fmedia&parent=136"}],"curies":[{"name":"wp","href":"https:\/\/api.w.org\/{rel}","templated":true}]}}