{"id":7508,"date":"2023-10-09T11:56:09","date_gmt":"2023-10-09T09:56:09","guid":{"rendered":"https:\/\/www.egyptforever.hu\/ildiko\/?page_id=7508"},"modified":"2024-01-10T15:53:34","modified_gmt":"2024-01-10T14:53:34","slug":"kapcsolat-2","status":"publish","type":"page","link":"https:\/\/www.egyptforever.hu\/ildiko\/?page_id=7508","title":{"rendered":"Kapcsolat"},"content":{"rendered":"\n\n<section>\n\t\t\t<header>\n\t\t\t El\u00e9rhet\u0151s\u00e9geim: \n\t\t<\/header>\n\t\t\t<hr \/><p>emailc\u00edmre<\/p>\t\t \n\t\t\t\t<header>\n\t\t\t R\u00f3lam: \n\t\t<\/header>\n\t\t\t<hr \/>\t\t \n\t\t\t\t<header>\n\t\t\t Referenci\u00e1im: \n\t\t<\/header>\n\t\t\t<hr \/>\t\t \n\t\t\t\t<header>\n\t\t\t Partnereim: \n\t\t<\/header>\n\t\t\t\t\t \n<\/section>\n<div style='text-align:right' class='yasr-auto-insert-overall'><\/div><div style='text-align:right' class='yasr-auto-insert-visitor'><\/div>","protected":false},"excerpt":{"rendered":"<p>El\u00e9rhet\u0151s\u00e9geim: emailc\u00edmre R\u00f3lam: Referenci\u00e1im: Partnereim:<\/p>\n","protected":false},"author":1,"featured_media":0,"parent":0,"menu_order":0,"comment_status":"closed","ping_status":"closed","template":"ba-cheetah-canvas-template","meta":{"om_disable_all_campaigns":false,"_monsterinsights_skip_tracking":false,"_monsterinsights_sitenote_active":false,"_monsterinsights_sitenote_note":"","_monsterinsights_sitenote_category":0,"yasr_overall_rating":0,"yasr_post_is_review":"","yasr_auto_insert_disabled":"","yasr_review_type":"","footnotes":""},"class_list":["post-7508","page","type-page","status-publish","hentry"],"aioseo_notices":[],"yasr_visitor_votes":{"stars_attributes":{"read_only":false,"span_bottom":false},"number_of_votes":1,"sum_votes":5},"_links":{"self":[{"href":"https:\/\/www.egyptforever.hu\/ildiko\/index.php?rest_route=\/wp\/v2\/pages\/7508","targetHints":{"allow":["GET"]}}],"collection":[{"href":"https:\/\/www.egyptforever.hu\/ildiko\/index.php?rest_route=\/wp\/v2\/pages"}],"about":[{"href":"https:\/\/www.egyptforever.hu\/ildiko\/index.php?rest_route=\/wp\/v2\/types\/page"}],"author":[{"embeddable":true,"href":"https:\/\/www.egyptforever.hu\/ildiko\/index.php?rest_route=\/wp\/v2\/users\/1"}],"replies":[{"embeddable":true,"href":"https:\/\/www.egyptforever.hu\/ildiko\/index.php?rest_route=%2Fwp%2Fv2%2Fcomments&post=7508"}],"version-history":[{"count":6,"href":"https:\/\/www.egyptforever.hu\/ildiko\/index.php?rest_route=\/wp\/v2\/pages\/7508\/revisions"}],"predecessor-version":[{"id":8301,"href":"https:\/\/www.egyptforever.hu\/ildiko\/index.php?rest_route=\/wp\/v2\/pages\/7508\/revisions\/8301"}],"wp:attachment":[{"href":"https:\/\/www.egyptforever.hu\/ildiko\/index.php?rest_route=%2Fwp%2Fv2%2Fmedia&parent=7508"}],"curies":[{"name":"wp","href":"https:\/\/api.w.org\/{rel}","templated":true}]}}