{"id":811,"date":"2023-02-20T15:34:20","date_gmt":"2023-02-20T14:34:20","guid":{"rendered":"https:\/\/www.egyptforever.hu\/ildiko\/?page_id=811"},"modified":"2025-01-08T16:40:03","modified_gmt":"2025-01-08T15:40:03","slug":"programjaim","status":"publish","type":"page","link":"https:\/\/www.egyptforever.hu\/ildiko\/?page_id=811","title":{"rendered":"Programjaim&#8230;"},"content":{"rendered":"\n<figure class=\"wp-block-video\"><video height=\"700\" style=\"aspect-ratio: 1600 \/ 700;\" width=\"1600\" controls src=\"https:\/\/www.egyptforever.hu\/ildiko\/wp-content\/uploads\/2023\/02\/Egypt-forever.mp4\"><\/video><\/figure>\n\n\n\n<h5 class=\"wp-block-heading has-vivid-cyan-blue-color has-text-color\" style=\"font-size:23px\"><strong>\u2013 Rendszeresen tartok el\u0151ad\u00e1sokat k\u00f6nyvt\u00e1rakban, m\u0171vel\u0151d\u00e9si k\u00f6zpontokban, ezoterikus klubokban Egyiptomr\u00f3l<\/strong>, az \u00f3kori Egyiptomr\u00f3l, melyen szeretettel v\u00e1rok minden \u00e9rdekl\u0151d\u0151t!<\/h5>\n\n\n\n<div class=\"wp-block-columns is-layout-flex wp-container-core-columns-is-layout-9d6595d7 wp-block-columns-is-layout-flex\">\n<div class=\"wp-block-column is-layout-flow wp-block-column-is-layout-flow\">\n<p><\/p>\n\n\n\n<p class=\"has-text-align-left\" style=\"font-size:21px\">El\u0151ad\u00e1saimr\u00f3l itt olvashat r\u00e9szletes inform\u00e1ci\u00f3kat (helysz\u00ednek, id\u0151pontok, t\u00e9mak\u00f6r\u00f6k):<\/p>\n<\/div>\n\n\n\n<div class=\"wp-block-column is-layout-flow wp-block-column-is-layout-flow\">\n<div class=\"wp-block-buttons is-layout-flex wp-block-buttons-is-layout-flex\">\n<div class=\"wp-block-button has-custom-width wp-block-button__width-50 has-custom-font-size is-style-fill has-small-font-size\"><a class=\"wp-block-button__link has-white-color has-vivid-cyan-blue-background-color has-text-color has-background wp-element-button\" href=\"https:\/\/www.egyptforever.hu\/ildiko\/?cat=5\" target=\"_blank\" rel=\"noreferrer noopener\"><strong>tov\u00e1bb az el\u0151ad\u00e1sokhoz&#8230;<\/strong><\/a><\/div>\n<\/div>\n<\/div>\n<\/div>\n\n\n\n<h5 class=\"wp-block-heading has-vivid-cyan-blue-color has-text-color\" style=\"font-size:23px\"><strong>\u2013 \u00c9vente 2-3 alkalommal egyedi programmal t\u00f6rt\u00e9nelmi k\u00f6rutaz\u00e1sokat, tematikus v\u00e1rosn\u00e9z\u0151 utaz\u00e1sokat szervezek\u2026 <\/strong>Ha sz\u00edvesen csatlakozna kisl\u00e9tsz\u00e1m\u00fa, bar\u00e1ti hangulat\u00fa, k\u00fcl\u00f6nleges helysz\u00edneket is \u00e9rint\u0151 programunkhoz, <strong>k\u00e9rem, \u00e9rdekl\u0151dj\u00f6n utaz\u00e1sunkr\u00f3l b\u00e1tran, szeretettel v\u00e1rjuk csatlakoz\u00e1s\u00e1t csoportunkhoz.<\/strong><\/h5>\n\n\n\n<div class=\"wp-block-columns is-layout-flex wp-container-core-columns-is-layout-9d6595d7 wp-block-columns-is-layout-flex\">\n<div class=\"wp-block-column is-layout-flow wp-block-column-is-layout-flow\">\n<p><\/p>\n\n\n\n<p style=\"font-size:21px\">Tov\u00e1bbi inform\u00e1ci\u00f3k k\u00f6vetkez\u0151 k\u00f6rutaz\u00e1sunkr\u00f3l&#8230;.<\/p>\n<\/div>\n\n\n\n<div class=\"wp-block-column is-layout-flow wp-block-column-is-layout-flow\">\n<div class=\"wp-block-buttons is-layout-flex wp-block-buttons-is-layout-flex\">\n<div class=\"wp-block-button has-custom-font-size has-small-font-size\"><a class=\"wp-block-button__link has-white-color has-vivid-cyan-blue-background-color has-text-color has-background wp-element-button\" href=\"https:\/\/www.egyptforever.hu\/ildiko\/?cat=353\" target=\"_blank\" rel=\"noreferrer noopener\"><strong>tov\u00e1bb a k\u00f6rutaz\u00e1sok inform\u00e1ci\u00f3ihoz&#8230;<\/strong><\/a><\/div>\n<\/div>\n<\/div>\n<\/div>\n\n\n\n<p><\/p>\n<div style='text-align:right' class='yasr-auto-insert-overall'><\/div><div style='text-align:right' class='yasr-auto-insert-visitor'><\/div>","protected":false},"excerpt":{"rendered":"<p>\u2013 Rendszeresen tartok el\u0151ad\u00e1sokat k\u00f6nyvt\u00e1rakban, m\u0171vel\u0151d\u00e9si k\u00f6zpontokban, ezoterikus klubokban Egyiptomr\u00f3l, az \u00f3kori Egyiptomr\u00f3l, melyen szeretettel v\u00e1rok minden \u00e9rdekl\u0151d\u0151t! El\u0151ad\u00e1saimr\u00f3l itt olvashat r\u00e9szletes inform\u00e1ci\u00f3kat (helysz\u00ednek, id\u0151pontok, t\u00e9mak\u00f6r\u00f6k): \u2013 \u00c9vente 2-3 alkalommal egyedi programmal<a class=\"moretag\" href=\"https:\/\/www.egyptforever.hu\/ildiko\/?page_id=811\">Tov\u00e1bbi inform\u00e1ci\u00f3\u2026<\/a><\/p>\n","protected":false},"author":1,"featured_media":0,"parent":0,"menu_order":0,"comment_status":"closed","ping_status":"closed","template":"","meta":{"om_disable_all_campaigns":false,"_monsterinsights_skip_tracking":false,"_monsterinsights_sitenote_active":false,"_monsterinsights_sitenote_note":"","_monsterinsights_sitenote_category":0,"yasr_overall_rating":0,"yasr_post_is_review":"","yasr_auto_insert_disabled":"","yasr_review_type":"","footnotes":""},"class_list":["post-811","page","type-page","status-publish","hentry"],"aioseo_notices":[],"yasr_visitor_votes":{"stars_attributes":{"read_only":false,"span_bottom":false},"number_of_votes":1,"sum_votes":5},"_links":{"self":[{"href":"https:\/\/www.egyptforever.hu\/ildiko\/index.php?rest_route=\/wp\/v2\/pages\/811","targetHints":{"allow":["GET"]}}],"collection":[{"href":"https:\/\/www.egyptforever.hu\/ildiko\/index.php?rest_route=\/wp\/v2\/pages"}],"about":[{"href":"https:\/\/www.egyptforever.hu\/ildiko\/index.php?rest_route=\/wp\/v2\/types\/page"}],"author":[{"embeddable":true,"href":"https:\/\/www.egyptforever.hu\/ildiko\/index.php?rest_route=\/wp\/v2\/users\/1"}],"replies":[{"embeddable":true,"href":"https:\/\/www.egyptforever.hu\/ildiko\/index.php?rest_route=%2Fwp%2Fv2%2Fcomments&post=811"}],"version-history":[{"count":6,"href":"https:\/\/www.egyptforever.hu\/ildiko\/index.php?rest_route=\/wp\/v2\/pages\/811\/revisions"}],"predecessor-version":[{"id":13044,"href":"https:\/\/www.egyptforever.hu\/ildiko\/index.php?rest_route=\/wp\/v2\/pages\/811\/revisions\/13044"}],"wp:attachment":[{"href":"https:\/\/www.egyptforever.hu\/ildiko\/index.php?rest_route=%2Fwp%2Fv2%2Fmedia&parent=811"}],"curies":[{"name":"wp","href":"https:\/\/api.w.org\/{rel}","templated":true}]}}